{"id":158,"date":"2023-09-13T15:30:48","date_gmt":"2023-09-13T13:30:48","guid":{"rendered":"http:\/\/localhost\/page-daccueil\/"},"modified":"2023-11-21T11:37:52","modified_gmt":"2023-11-21T10:37:52","slug":"page-daccueil","status":"publish","type":"page","link":"https:\/\/www.fondationcasafair.ch\/fr\/","title":{"rendered":"Bienvenue"},"content":{"rendered":"<h1>La Fondation<\/h1>\n<p>La Fondation Casafair g\u00e8re des immeubles dans toute la Suisse, et les principes suivants lui sont essentiels : Ces principes sont importants pour elle :<\/p>\n<ul>\n<li>un entretien \u00e9cologique<\/li>\n<li>un habitat sain<\/li>\n<li>une utilisation \u00e9conome du sol<\/li>\n<li>des locations \u00e9quitables.<\/li>\n<\/ul>\n<p>La Fondation permet de soustraire \u00e0 long terme des biens immobiliers du march\u00e9 \u00e0 but lucratif et contribue ainsi \u00e0 pr\u00e9server des logements abordables.<\/p>\n<p>La Fondation Casafair peut \u00eatre int\u00e9ressante pour les membres d\u2019HabitatDurable et tous les propri\u00e9taires de biens immobiliers qui n&#8217;ont pas de descendants et\/ou se demandent ce qu&#8217;il adviendra de leur bien immobilier lorsqu&#8217;ils souhaiteront en c\u00e9der la responsabilit\u00e9. La Fondation vous permet donc de vendre votre bien immobilier \u00e0 un prix abordable ou de le l\u00e9guer \u00e0 la Fondation. Un entretien personnel permet d\u2019en clarifier les conditions, par exemple de choisir une solution qui vous permette de conserver l\u2019usufruit de votre bien.<\/p>\n<p>La Fondation s&#8217;inspire des objectifs et des valeurs de <span class=\"green\">Casafair\/HabitatDurable<\/span>, l\u2019association pour les propri\u00e9taires fair-play et respectueux de l\u2019environnement : <a href=\"http:\/\/www.casafair.ch\"www.casafair.ch target=\"_blank\" target=\"_blank\" rel=\"noopener\">www.habitatdurable.ch<\/a><\/p>\n<p><a target=\"_blank\" href=\"https:\/\/habitatdurable.ch\/\"habitatdurable.ch\/ target=\"_blank\" rel=\"noopener\"><img loading=\"lazy\" decoding=\"async\" width=\"300\" height=\"115\" class=\"alignnone size-medium wp-image-651\" src=\"https:\/\/www.fondationcasafair.ch\/wp-content\/uploads\/2023\/11\/habitatdurable-300x115.png\" alt=\"\" style=\"width: 155px; height: auto;\" srcset=\"https:\/\/www.fondationcasafair.ch\/wp-content\/uploads\/2023\/11\/habitatdurable-300x115.png 300w, https:\/\/www.fondationcasafair.ch\/wp-content\/uploads\/2023\/11\/habitatdurable.png 512w\" sizes=\"auto, (max-width: 300px) 100vw, 300px\" \/><\/a><\/p>\n","protected":false},"excerpt":{"rendered":"<p>La Fondation La Fondation Casafair g\u00e8re des immeubles dans toute la Suisse, et les principes suivants lui sont essentiels : Ces principes sont importants pour elle : un entretien \u00e9cologique un habitat sain une utilisation \u00e9conome du sol des locations &hellip; <a href=\"https:\/\/www.fondationcasafair.ch\/fr\/\">Lire la suite <span class=\"meta-nav\">&rarr;<\/span><\/a><\/p>\n","protected":false},"author":1,"featured_media":125,"parent":0,"menu_order":0,"comment_status":"closed","ping_status":"closed","template":"page-frontpage.php","meta":{"_acf_changed":false,"footnotes":""},"class_list":["post-158","page","type-page","status-publish","has-post-thumbnail","hentry","has-featured-image"],"acf":[],"yoast_head":"<!-- This site is optimized with the Yoast SEO plugin v27.3 - https:\/\/yoast.com\/product\/yoast-seo-wordpress\/ -->\n<title>Bienvenue - Fondation Casafair<\/title>\n<meta name=\"robots\" content=\"index, follow, max-snippet:-1, max-image-preview:large, max-video-preview:-1\" \/>\n<link rel=\"canonical\" href=\"https:\/\/www.fondationcasafair.ch\/fr\/\" \/>\n<meta property=\"og:locale\" content=\"fr_FR\" \/>\n<meta property=\"og:type\" content=\"article\" \/>\n<meta property=\"og:title\" content=\"Bienvenue - Fondation Casafair\" \/>\n<meta property=\"og:description\" content=\"La Fondation La Fondation Casafair g\u00e8re des immeubles dans toute la Suisse, et les principes suivants lui sont essentiels : Ces principes sont importants pour elle : un entretien \u00e9cologique un habitat sain une utilisation \u00e9conome du sol des locations &hellip; Lire la suite &rarr;\" \/>\n<meta property=\"og:url\" content=\"https:\/\/www.fondationcasafair.ch\/fr\/\" \/>\n<meta property=\"og:site_name\" content=\"Fondation Casafair\" \/>\n<meta property=\"article:modified_time\" content=\"2023-11-21T10:37:52+00:00\" \/>\n<meta property=\"og:image\" content=\"https:\/\/www.fondationcasafair.ch\/wp-content\/uploads\/2023\/09\/header_front.jpg\" \/>\n\t<meta property=\"og:image:width\" content=\"1899\" \/>\n\t<meta property=\"og:image:height\" content=\"360\" \/>\n\t<meta property=\"og:image:type\" content=\"image\/jpeg\" \/>\n<meta name=\"twitter:card\" content=\"summary_large_image\" \/>\n<meta name=\"twitter:label1\" content=\"Est. reading time\" \/>\n\t<meta name=\"twitter:data1\" content=\"2 minutes\" \/>\n<script type=\"application\/ld+json\" class=\"yoast-schema-graph\">{\"@context\":\"https:\\\/\\\/schema.org\",\"@graph\":[{\"@type\":\"WebPage\",\"@id\":\"https:\\\/\\\/www.fondationcasafair.ch\\\/fr\\\/\",\"url\":\"https:\\\/\\\/www.fondationcasafair.ch\\\/fr\\\/\",\"name\":\"Bienvenue - Fondation Casafair\",\"isPartOf\":{\"@id\":\"https:\\\/\\\/www.fondationcasafair.ch\\\/fr\\\/#website\"},\"primaryImageOfPage\":{\"@id\":\"https:\\\/\\\/www.fondationcasafair.ch\\\/fr\\\/#primaryimage\"},\"image\":{\"@id\":\"https:\\\/\\\/www.fondationcasafair.ch\\\/fr\\\/#primaryimage\"},\"thumbnailUrl\":\"https:\\\/\\\/www.fondationcasafair.ch\\\/wp-content\\\/uploads\\\/2023\\\/09\\\/header_front.jpg\",\"datePublished\":\"2023-09-13T13:30:48+00:00\",\"dateModified\":\"2023-11-21T10:37:52+00:00\",\"breadcrumb\":{\"@id\":\"https:\\\/\\\/www.fondationcasafair.ch\\\/fr\\\/#breadcrumb\"},\"inLanguage\":\"fr-FR\",\"potentialAction\":[{\"@type\":\"ReadAction\",\"target\":[\"https:\\\/\\\/www.fondationcasafair.ch\\\/fr\\\/\"]}]},{\"@type\":\"ImageObject\",\"inLanguage\":\"fr-FR\",\"@id\":\"https:\\\/\\\/www.fondationcasafair.ch\\\/fr\\\/#primaryimage\",\"url\":\"https:\\\/\\\/www.fondationcasafair.ch\\\/wp-content\\\/uploads\\\/2023\\\/09\\\/header_front.jpg\",\"contentUrl\":\"https:\\\/\\\/www.fondationcasafair.ch\\\/wp-content\\\/uploads\\\/2023\\\/09\\\/header_front.jpg\",\"width\":1899,\"height\":360},{\"@type\":\"BreadcrumbList\",\"@id\":\"https:\\\/\\\/www.fondationcasafair.ch\\\/fr\\\/#breadcrumb\",\"itemListElement\":[{\"@type\":\"ListItem\",\"position\":1,\"name\":\"Startseite\",\"item\":\"https:\\\/\\\/www.fondationcasafair.ch\\\/fr\\\/\"},{\"@type\":\"ListItem\",\"position\":2,\"name\":\"Bienvenue\"}]},{\"@type\":\"WebSite\",\"@id\":\"https:\\\/\\\/www.fondationcasafair.ch\\\/fr\\\/#website\",\"url\":\"https:\\\/\\\/www.fondationcasafair.ch\\\/fr\\\/\",\"name\":\"Stiftung Fondation Casafair\",\"description\":\"\",\"publisher\":{\"@id\":\"https:\\\/\\\/www.fondationcasafair.ch\\\/fr\\\/#organization\"},\"potentialAction\":[{\"@type\":\"SearchAction\",\"target\":{\"@type\":\"EntryPoint\",\"urlTemplate\":\"https:\\\/\\\/www.fondationcasafair.ch\\\/fr\\\/?s={search_term_string}\"},\"query-input\":{\"@type\":\"PropertyValueSpecification\",\"valueRequired\":true,\"valueName\":\"search_term_string\"}}],\"inLanguage\":\"fr-FR\"},{\"@type\":\"Organization\",\"@id\":\"https:\\\/\\\/www.fondationcasafair.ch\\\/fr\\\/#organization\",\"name\":\"Stiftung Fondation Casafair\",\"url\":\"https:\\\/\\\/www.fondationcasafair.ch\\\/fr\\\/\",\"logo\":{\"@type\":\"ImageObject\",\"inLanguage\":\"fr-FR\",\"@id\":\"https:\\\/\\\/www.fondationcasafair.ch\\\/fr\\\/#\\\/schema\\\/logo\\\/image\\\/\",\"url\":\"https:\\\/\\\/www.fondationcasafair.ch\\\/wp-content\\\/uploads\\\/2023\\\/10\\\/fondation_casafair_rostrot_c_einzeilig.svg\",\"contentUrl\":\"https:\\\/\\\/www.fondationcasafair.ch\\\/wp-content\\\/uploads\\\/2023\\\/10\\\/fondation_casafair_rostrot_c_einzeilig.svg\",\"caption\":\"Stiftung Fondation Casafair\"},\"image\":{\"@id\":\"https:\\\/\\\/www.fondationcasafair.ch\\\/fr\\\/#\\\/schema\\\/logo\\\/image\\\/\"}}]}<\/script>\n<!-- \/ Yoast SEO plugin. -->","yoast_head_json":{"title":"Bienvenue - Fondation Casafair","robots":{"index":"index","follow":"follow","max-snippet":"max-snippet:-1","max-image-preview":"max-image-preview:large","max-video-preview":"max-video-preview:-1"},"canonical":"https:\/\/www.fondationcasafair.ch\/fr\/","og_locale":"fr_FR","og_type":"article","og_title":"Bienvenue - Fondation Casafair","og_description":"La Fondation La Fondation Casafair g\u00e8re des immeubles dans toute la Suisse, et les principes suivants lui sont essentiels : Ces principes sont importants pour elle : un entretien \u00e9cologique un habitat sain une utilisation \u00e9conome du sol des locations &hellip; Lire la suite &rarr;","og_url":"https:\/\/www.fondationcasafair.ch\/fr\/","og_site_name":"Fondation Casafair","article_modified_time":"2023-11-21T10:37:52+00:00","og_image":[{"width":1899,"height":360,"url":"https:\/\/www.fondationcasafair.ch\/wp-content\/uploads\/2023\/09\/header_front.jpg","type":"image\/jpeg"}],"twitter_card":"summary_large_image","twitter_misc":{"Est. reading time":"2 minutes"},"schema":{"@context":"https:\/\/schema.org","@graph":[{"@type":"WebPage","@id":"https:\/\/www.fondationcasafair.ch\/fr\/","url":"https:\/\/www.fondationcasafair.ch\/fr\/","name":"Bienvenue - Fondation Casafair","isPartOf":{"@id":"https:\/\/www.fondationcasafair.ch\/fr\/#website"},"primaryImageOfPage":{"@id":"https:\/\/www.fondationcasafair.ch\/fr\/#primaryimage"},"image":{"@id":"https:\/\/www.fondationcasafair.ch\/fr\/#primaryimage"},"thumbnailUrl":"https:\/\/www.fondationcasafair.ch\/wp-content\/uploads\/2023\/09\/header_front.jpg","datePublished":"2023-09-13T13:30:48+00:00","dateModified":"2023-11-21T10:37:52+00:00","breadcrumb":{"@id":"https:\/\/www.fondationcasafair.ch\/fr\/#breadcrumb"},"inLanguage":"fr-FR","potentialAction":[{"@type":"ReadAction","target":["https:\/\/www.fondationcasafair.ch\/fr\/"]}]},{"@type":"ImageObject","inLanguage":"fr-FR","@id":"https:\/\/www.fondationcasafair.ch\/fr\/#primaryimage","url":"https:\/\/www.fondationcasafair.ch\/wp-content\/uploads\/2023\/09\/header_front.jpg","contentUrl":"https:\/\/www.fondationcasafair.ch\/wp-content\/uploads\/2023\/09\/header_front.jpg","width":1899,"height":360},{"@type":"BreadcrumbList","@id":"https:\/\/www.fondationcasafair.ch\/fr\/#breadcrumb","itemListElement":[{"@type":"ListItem","position":1,"name":"Startseite","item":"https:\/\/www.fondationcasafair.ch\/fr\/"},{"@type":"ListItem","position":2,"name":"Bienvenue"}]},{"@type":"WebSite","@id":"https:\/\/www.fondationcasafair.ch\/fr\/#website","url":"https:\/\/www.fondationcasafair.ch\/fr\/","name":"Stiftung Fondation Casafair","description":"","publisher":{"@id":"https:\/\/www.fondationcasafair.ch\/fr\/#organization"},"potentialAction":[{"@type":"SearchAction","target":{"@type":"EntryPoint","urlTemplate":"https:\/\/www.fondationcasafair.ch\/fr\/?s={search_term_string}"},"query-input":{"@type":"PropertyValueSpecification","valueRequired":true,"valueName":"search_term_string"}}],"inLanguage":"fr-FR"},{"@type":"Organization","@id":"https:\/\/www.fondationcasafair.ch\/fr\/#organization","name":"Stiftung Fondation Casafair","url":"https:\/\/www.fondationcasafair.ch\/fr\/","logo":{"@type":"ImageObject","inLanguage":"fr-FR","@id":"https:\/\/www.fondationcasafair.ch\/fr\/#\/schema\/logo\/image\/","url":"https:\/\/www.fondationcasafair.ch\/wp-content\/uploads\/2023\/10\/fondation_casafair_rostrot_c_einzeilig.svg","contentUrl":"https:\/\/www.fondationcasafair.ch\/wp-content\/uploads\/2023\/10\/fondation_casafair_rostrot_c_einzeilig.svg","caption":"Stiftung Fondation Casafair"},"image":{"@id":"https:\/\/www.fondationcasafair.ch\/fr\/#\/schema\/logo\/image\/"}}]}},"_links":{"self":[{"href":"https:\/\/www.fondationcasafair.ch\/fr\/wp-json\/wp\/v2\/pages\/158","targetHints":{"allow":["GET"]}}],"collection":[{"href":"https:\/\/www.fondationcasafair.ch\/fr\/wp-json\/wp\/v2\/pages"}],"about":[{"href":"https:\/\/www.fondationcasafair.ch\/fr\/wp-json\/wp\/v2\/types\/page"}],"author":[{"embeddable":true,"href":"https:\/\/www.fondationcasafair.ch\/fr\/wp-json\/wp\/v2\/users\/1"}],"replies":[{"embeddable":true,"href":"https:\/\/www.fondationcasafair.ch\/fr\/wp-json\/wp\/v2\/comments?post=158"}],"version-history":[{"count":10,"href":"https:\/\/www.fondationcasafair.ch\/fr\/wp-json\/wp\/v2\/pages\/158\/revisions"}],"predecessor-version":[{"id":737,"href":"https:\/\/www.fondationcasafair.ch\/fr\/wp-json\/wp\/v2\/pages\/158\/revisions\/737"}],"wp:featuredmedia":[{"embeddable":true,"href":"https:\/\/www.fondationcasafair.ch\/fr\/wp-json\/wp\/v2\/media\/125"}],"wp:attachment":[{"href":"https:\/\/www.fondationcasafair.ch\/fr\/wp-json\/wp\/v2\/media?parent=158"}],"curies":[{"name":"wp","href":"https:\/\/api.w.org\/{rel}","templated":true}]}}