{"id":344,"date":"2023-10-10T20:30:34","date_gmt":"2023-10-10T18:30:34","guid":{"rendered":"https:\/\/www.fondationcasafair.ch\/?page_id=344"},"modified":"2023-11-15T17:59:17","modified_gmt":"2023-11-15T16:59:17","slug":"constructions-et-investissements","status":"publish","type":"page","link":"https:\/\/www.fondationcasafair.ch\/fr\/immeubles\/constructions-et-investissements\/","title":{"rendered":"Constructions et Investissements"},"content":{"rendered":"<h1>Principes de construction et d&#8217;investissement<\/h1>\n<ul>\n<li>Les b\u00e2timents sont construits, exploit\u00e9s et entretenus de mani\u00e8re \u00e0 pr\u00e9server les ressources. Une grande importance est accord\u00e9e \u00e0 la substance et la conception des b\u00e2timents, qui doivent \u00eatre durables et facilement r\u00e9parables.<\/li>\n<li>Les mat\u00e9riaux utilis\u00e9s sont pauvres en \u00e9missions, n\u00e9cessitent peu d&#8217;\u00e9nergie lors de la fabrication et assurent un climat int\u00e9rieur sain et agr\u00e9able.<\/li>\n<li>La priorit\u00e9 est donn\u00e9e \u00e0 des r\u00e9alisations qui permettent une utilisation conviviale et accessibles \u00e0 toutes et tous.<\/li>\n<li>Les b\u00e2timents doivent \u00eatre conserv\u00e9s dans la mesure du possible. Les extensions et les transformations se basent id\u00e9alement sur la substance b\u00e2tie existante et d\u00e9veloppent celle-ci.<\/li>\n<li>L&#8217;approvisionnement \u00e9nerg\u00e9tique des b\u00e2timents est optimis\u00e9 et s&#8217;effectue au moyen d&#8217;\u00e9nergies renouvelables.<\/li>\n<li>La Fondation s&#8217;efforce de g\u00e9rer l&#8217;utilisation du sol de mani\u00e8re \u00e9conome. Lorsque les sites s\u2019y pr\u00eatent, les possibilit\u00e9s de densification offertes par la l\u00e9gislation en vigueur peuvent \u00eatre exploit\u00e9es, pour autant qu\u2019elles soient socialement acceptables.<\/li>\n<li>Dans la mesure du possible, les r\u00e9novations sont planifi\u00e9es de mani\u00e8re \u00e0 ce qu&#8217;aucune r\u00e9siliation de bail ne soit n\u00e9cessaire, sauf si cela s&#8217;av\u00e8re impossible pour des raisons de s\u00e9curit\u00e9.<\/li>\n<li>Dans tous les projets de construction, la pr\u00e9servation ou la promotion de la biodiversit\u00e9 fait partie int\u00e9grante de la planification.<\/li>\n<\/ul>\n","protected":false},"excerpt":{"rendered":"<p>Principes de construction et d&#8217;investissement Les b\u00e2timents sont construits, exploit\u00e9s et entretenus de mani\u00e8re \u00e0 pr\u00e9server les ressources. Une grande importance est accord\u00e9e \u00e0 la substance et la conception des b\u00e2timents, qui doivent \u00eatre durables et facilement r\u00e9parables. Les mat\u00e9riaux &hellip; <a href=\"https:\/\/www.fondationcasafair.ch\/fr\/immeubles\/constructions-et-investissements\/\">Lire la suite <span class=\"meta-nav\">&rarr;<\/span><\/a><\/p>\n","protected":false},"author":2,"featured_media":740,"parent":161,"menu_order":0,"comment_status":"closed","ping_status":"closed","template":"","meta":{"_acf_changed":false,"footnotes":""},"class_list":["post-344","page","type-page","status-publish","has-post-thumbnail","hentry","has-featured-image"],"acf":[],"yoast_head":"<!-- This site is optimized with the Yoast SEO plugin v27.3 - https:\/\/yoast.com\/product\/yoast-seo-wordpress\/ -->\n<title>Constructions et Investissements - Fondation Casafair<\/title>\n<meta name=\"robots\" content=\"index, follow, max-snippet:-1, max-image-preview:large, max-video-preview:-1\" \/>\n<link rel=\"canonical\" href=\"https:\/\/www.fondationcasafair.ch\/fr\/immeubles\/constructions-et-investissements\/\" \/>\n<meta property=\"og:locale\" content=\"fr_FR\" \/>\n<meta property=\"og:type\" content=\"article\" \/>\n<meta property=\"og:title\" content=\"Constructions et Investissements - Fondation Casafair\" \/>\n<meta property=\"og:description\" content=\"Principes de construction et d&#8217;investissement Les b\u00e2timents sont construits, exploit\u00e9s et entretenus de mani\u00e8re \u00e0 pr\u00e9server les ressources. Une grande importance est accord\u00e9e \u00e0 la substance et la conception des b\u00e2timents, qui doivent \u00eatre durables et facilement r\u00e9parables. Les mat\u00e9riaux &hellip; Lire la suite &rarr;\" \/>\n<meta property=\"og:url\" content=\"https:\/\/www.fondationcasafair.ch\/fr\/immeubles\/constructions-et-investissements\/\" \/>\n<meta property=\"og:site_name\" content=\"Fondation Casafair\" \/>\n<meta property=\"article:modified_time\" content=\"2023-11-15T16:59:17+00:00\" \/>\n<meta property=\"og:image\" content=\"https:\/\/www.fondationcasafair.ch\/wp-content\/uploads\/2023\/10\/P_20230603_121606-scaled.jpg\" \/>\n\t<meta property=\"og:image:width\" content=\"2560\" \/>\n\t<meta property=\"og:image:height\" content=\"1440\" \/>\n\t<meta property=\"og:image:type\" content=\"image\/jpeg\" \/>\n<meta name=\"twitter:card\" content=\"summary_large_image\" \/>\n<meta name=\"twitter:label1\" content=\"Est. reading time\" \/>\n\t<meta name=\"twitter:data1\" content=\"2 minutes\" \/>\n<script type=\"application\/ld+json\" class=\"yoast-schema-graph\">{\"@context\":\"https:\\\/\\\/schema.org\",\"@graph\":[{\"@type\":\"WebPage\",\"@id\":\"https:\\\/\\\/www.fondationcasafair.ch\\\/fr\\\/immeubles\\\/constructions-et-investissements\\\/\",\"url\":\"https:\\\/\\\/www.fondationcasafair.ch\\\/fr\\\/immeubles\\\/constructions-et-investissements\\\/\",\"name\":\"Constructions et Investissements - Fondation Casafair\",\"isPartOf\":{\"@id\":\"https:\\\/\\\/www.fondationcasafair.ch\\\/fr\\\/#website\"},\"primaryImageOfPage\":{\"@id\":\"https:\\\/\\\/www.fondationcasafair.ch\\\/fr\\\/immeubles\\\/constructions-et-investissements\\\/#primaryimage\"},\"image\":{\"@id\":\"https:\\\/\\\/www.fondationcasafair.ch\\\/fr\\\/immeubles\\\/constructions-et-investissements\\\/#primaryimage\"},\"thumbnailUrl\":\"https:\\\/\\\/www.fondationcasafair.ch\\\/wp-content\\\/uploads\\\/2023\\\/11\\\/Wohnhaus-1.jpg\",\"datePublished\":\"2023-10-10T18:30:34+00:00\",\"dateModified\":\"2023-11-15T16:59:17+00:00\",\"breadcrumb\":{\"@id\":\"https:\\\/\\\/www.fondationcasafair.ch\\\/fr\\\/immeubles\\\/constructions-et-investissements\\\/#breadcrumb\"},\"inLanguage\":\"fr-FR\",\"potentialAction\":[{\"@type\":\"ReadAction\",\"target\":[\"https:\\\/\\\/www.fondationcasafair.ch\\\/fr\\\/immeubles\\\/constructions-et-investissements\\\/\"]}]},{\"@type\":\"ImageObject\",\"inLanguage\":\"fr-FR\",\"@id\":\"https:\\\/\\\/www.fondationcasafair.ch\\\/fr\\\/immeubles\\\/constructions-et-investissements\\\/#primaryimage\",\"url\":\"https:\\\/\\\/www.fondationcasafair.ch\\\/wp-content\\\/uploads\\\/2023\\\/11\\\/Wohnhaus-1.jpg\",\"contentUrl\":\"https:\\\/\\\/www.fondationcasafair.ch\\\/wp-content\\\/uploads\\\/2023\\\/11\\\/Wohnhaus-1.jpg\",\"width\":1145,\"height\":360},{\"@type\":\"BreadcrumbList\",\"@id\":\"https:\\\/\\\/www.fondationcasafair.ch\\\/fr\\\/immeubles\\\/constructions-et-investissements\\\/#breadcrumb\",\"itemListElement\":[{\"@type\":\"ListItem\",\"position\":1,\"name\":\"Startseite\",\"item\":\"https:\\\/\\\/www.fondationcasafair.ch\\\/fr\\\/\"},{\"@type\":\"ListItem\",\"position\":2,\"name\":\"Immeubles\",\"item\":\"https:\\\/\\\/www.fondationcasafair.ch\\\/fr\\\/immeubles\\\/\"},{\"@type\":\"ListItem\",\"position\":3,\"name\":\"Constructions et Investissements\"}]},{\"@type\":\"WebSite\",\"@id\":\"https:\\\/\\\/www.fondationcasafair.ch\\\/fr\\\/#website\",\"url\":\"https:\\\/\\\/www.fondationcasafair.ch\\\/fr\\\/\",\"name\":\"Stiftung Fondation Casafair\",\"description\":\"\",\"publisher\":{\"@id\":\"https:\\\/\\\/www.fondationcasafair.ch\\\/fr\\\/#organization\"},\"potentialAction\":[{\"@type\":\"SearchAction\",\"target\":{\"@type\":\"EntryPoint\",\"urlTemplate\":\"https:\\\/\\\/www.fondationcasafair.ch\\\/fr\\\/?s={search_term_string}\"},\"query-input\":{\"@type\":\"PropertyValueSpecification\",\"valueRequired\":true,\"valueName\":\"search_term_string\"}}],\"inLanguage\":\"fr-FR\"},{\"@type\":\"Organization\",\"@id\":\"https:\\\/\\\/www.fondationcasafair.ch\\\/fr\\\/#organization\",\"name\":\"Stiftung Fondation Casafair\",\"url\":\"https:\\\/\\\/www.fondationcasafair.ch\\\/fr\\\/\",\"logo\":{\"@type\":\"ImageObject\",\"inLanguage\":\"fr-FR\",\"@id\":\"https:\\\/\\\/www.fondationcasafair.ch\\\/fr\\\/#\\\/schema\\\/logo\\\/image\\\/\",\"url\":\"https:\\\/\\\/www.fondationcasafair.ch\\\/wp-content\\\/uploads\\\/2023\\\/10\\\/fondation_casafair_rostrot_c_einzeilig.svg\",\"contentUrl\":\"https:\\\/\\\/www.fondationcasafair.ch\\\/wp-content\\\/uploads\\\/2023\\\/10\\\/fondation_casafair_rostrot_c_einzeilig.svg\",\"caption\":\"Stiftung Fondation Casafair\"},\"image\":{\"@id\":\"https:\\\/\\\/www.fondationcasafair.ch\\\/fr\\\/#\\\/schema\\\/logo\\\/image\\\/\"}}]}<\/script>\n<!-- \/ Yoast SEO plugin. -->","yoast_head_json":{"title":"Constructions et Investissements - Fondation Casafair","robots":{"index":"index","follow":"follow","max-snippet":"max-snippet:-1","max-image-preview":"max-image-preview:large","max-video-preview":"max-video-preview:-1"},"canonical":"https:\/\/www.fondationcasafair.ch\/fr\/immeubles\/constructions-et-investissements\/","og_locale":"fr_FR","og_type":"article","og_title":"Constructions et Investissements - Fondation Casafair","og_description":"Principes de construction et d&#8217;investissement Les b\u00e2timents sont construits, exploit\u00e9s et entretenus de mani\u00e8re \u00e0 pr\u00e9server les ressources. Une grande importance est accord\u00e9e \u00e0 la substance et la conception des b\u00e2timents, qui doivent \u00eatre durables et facilement r\u00e9parables. Les mat\u00e9riaux &hellip; Lire la suite &rarr;","og_url":"https:\/\/www.fondationcasafair.ch\/fr\/immeubles\/constructions-et-investissements\/","og_site_name":"Fondation Casafair","article_modified_time":"2023-11-15T16:59:17+00:00","og_image":[{"width":2560,"height":1440,"url":"https:\/\/www.fondationcasafair.ch\/wp-content\/uploads\/2023\/10\/P_20230603_121606-scaled.jpg","type":"image\/jpeg"}],"twitter_card":"summary_large_image","twitter_misc":{"Est. reading time":"2 minutes"},"schema":{"@context":"https:\/\/schema.org","@graph":[{"@type":"WebPage","@id":"https:\/\/www.fondationcasafair.ch\/fr\/immeubles\/constructions-et-investissements\/","url":"https:\/\/www.fondationcasafair.ch\/fr\/immeubles\/constructions-et-investissements\/","name":"Constructions et Investissements - Fondation Casafair","isPartOf":{"@id":"https:\/\/www.fondationcasafair.ch\/fr\/#website"},"primaryImageOfPage":{"@id":"https:\/\/www.fondationcasafair.ch\/fr\/immeubles\/constructions-et-investissements\/#primaryimage"},"image":{"@id":"https:\/\/www.fondationcasafair.ch\/fr\/immeubles\/constructions-et-investissements\/#primaryimage"},"thumbnailUrl":"https:\/\/www.fondationcasafair.ch\/wp-content\/uploads\/2023\/11\/Wohnhaus-1.jpg","datePublished":"2023-10-10T18:30:34+00:00","dateModified":"2023-11-15T16:59:17+00:00","breadcrumb":{"@id":"https:\/\/www.fondationcasafair.ch\/fr\/immeubles\/constructions-et-investissements\/#breadcrumb"},"inLanguage":"fr-FR","potentialAction":[{"@type":"ReadAction","target":["https:\/\/www.fondationcasafair.ch\/fr\/immeubles\/constructions-et-investissements\/"]}]},{"@type":"ImageObject","inLanguage":"fr-FR","@id":"https:\/\/www.fondationcasafair.ch\/fr\/immeubles\/constructions-et-investissements\/#primaryimage","url":"https:\/\/www.fondationcasafair.ch\/wp-content\/uploads\/2023\/11\/Wohnhaus-1.jpg","contentUrl":"https:\/\/www.fondationcasafair.ch\/wp-content\/uploads\/2023\/11\/Wohnhaus-1.jpg","width":1145,"height":360},{"@type":"BreadcrumbList","@id":"https:\/\/www.fondationcasafair.ch\/fr\/immeubles\/constructions-et-investissements\/#breadcrumb","itemListElement":[{"@type":"ListItem","position":1,"name":"Startseite","item":"https:\/\/www.fondationcasafair.ch\/fr\/"},{"@type":"ListItem","position":2,"name":"Immeubles","item":"https:\/\/www.fondationcasafair.ch\/fr\/immeubles\/"},{"@type":"ListItem","position":3,"name":"Constructions et Investissements"}]},{"@type":"WebSite","@id":"https:\/\/www.fondationcasafair.ch\/fr\/#website","url":"https:\/\/www.fondationcasafair.ch\/fr\/","name":"Stiftung Fondation Casafair","description":"","publisher":{"@id":"https:\/\/www.fondationcasafair.ch\/fr\/#organization"},"potentialAction":[{"@type":"SearchAction","target":{"@type":"EntryPoint","urlTemplate":"https:\/\/www.fondationcasafair.ch\/fr\/?s={search_term_string}"},"query-input":{"@type":"PropertyValueSpecification","valueRequired":true,"valueName":"search_term_string"}}],"inLanguage":"fr-FR"},{"@type":"Organization","@id":"https:\/\/www.fondationcasafair.ch\/fr\/#organization","name":"Stiftung Fondation Casafair","url":"https:\/\/www.fondationcasafair.ch\/fr\/","logo":{"@type":"ImageObject","inLanguage":"fr-FR","@id":"https:\/\/www.fondationcasafair.ch\/fr\/#\/schema\/logo\/image\/","url":"https:\/\/www.fondationcasafair.ch\/wp-content\/uploads\/2023\/10\/fondation_casafair_rostrot_c_einzeilig.svg","contentUrl":"https:\/\/www.fondationcasafair.ch\/wp-content\/uploads\/2023\/10\/fondation_casafair_rostrot_c_einzeilig.svg","caption":"Stiftung Fondation Casafair"},"image":{"@id":"https:\/\/www.fondationcasafair.ch\/fr\/#\/schema\/logo\/image\/"}}]}},"_links":{"self":[{"href":"https:\/\/www.fondationcasafair.ch\/fr\/wp-json\/wp\/v2\/pages\/344","targetHints":{"allow":["GET"]}}],"collection":[{"href":"https:\/\/www.fondationcasafair.ch\/fr\/wp-json\/wp\/v2\/pages"}],"about":[{"href":"https:\/\/www.fondationcasafair.ch\/fr\/wp-json\/wp\/v2\/types\/page"}],"author":[{"embeddable":true,"href":"https:\/\/www.fondationcasafair.ch\/fr\/wp-json\/wp\/v2\/users\/2"}],"replies":[{"embeddable":true,"href":"https:\/\/www.fondationcasafair.ch\/fr\/wp-json\/wp\/v2\/comments?post=344"}],"version-history":[{"count":2,"href":"https:\/\/www.fondationcasafair.ch\/fr\/wp-json\/wp\/v2\/pages\/344\/revisions"}],"predecessor-version":[{"id":575,"href":"https:\/\/www.fondationcasafair.ch\/fr\/wp-json\/wp\/v2\/pages\/344\/revisions\/575"}],"up":[{"embeddable":true,"href":"https:\/\/www.fondationcasafair.ch\/fr\/wp-json\/wp\/v2\/pages\/161"}],"wp:featuredmedia":[{"embeddable":true,"href":"https:\/\/www.fondationcasafair.ch\/fr\/wp-json\/wp\/v2\/media\/740"}],"wp:attachment":[{"href":"https:\/\/www.fondationcasafair.ch\/fr\/wp-json\/wp\/v2\/media?parent=344"}],"curies":[{"name":"wp","href":"https:\/\/api.w.org\/{rel}","templated":true}]}}