{"id":358,"date":"2023-10-10T20:46:49","date_gmt":"2023-10-10T18:46:49","guid":{"rendered":"https:\/\/www.fondationcasafair.ch\/?page_id=358"},"modified":"2026-03-30T09:54:40","modified_gmt":"2026-03-30T07:54:40","slug":"loyer-fixe-sur-la-base-des-couts","status":"publish","type":"page","link":"https:\/\/www.fondationcasafair.ch\/fr\/habiter\/loyer-fixe-sur-la-base-des-couts\/","title":{"rendered":"Loyer fix\u00e9 sur la base des co\u00fbts"},"content":{"rendered":"<h1>Mod\u00e8le de loyer \u00abfix\u00e9 sur la base des co\u00fbts\u00bb<\/h1>\n<p>Ce loyer est \u00e9quitable pour les deux parties et garantit un financement p\u00e9renne du bien immobilier. Il se base sur un mod\u00e8le qui prend en compte tous les co\u00fbts qui incombent au propri\u00e9taires : les frais d&#8217;entretien, d&#8217;exploitation et de gestion, et assure aussi une r\u00e9mun\u00e9ration appropri\u00e9e du capital et des provisions pour les r\u00e9novations cycliques importantes. En tant qu\u2019organisation d\u2019utilit\u00e9 publique, la Fondation utilise la r\u00e9mun\u00e9ration du capital de mani\u00e8re \u00e0 pouvoir financer son fonctionnement.<\/p>\n<p>Gr\u00e2ce \u00e0 ce mod\u00e8le, elle dispose d&#8217;un financement qui lui permet d\u2019envisager l\u2019avenir et assure ainsi une gestion durable de ses immeubles locatifs.<\/p>\n<ul>\n<li>Vous trouverez <a href=\"https:\/\/habitatdurable.ch\/project\/modele-de-loyer-fixe-sur-la-base-des-couts\/?xdomain_data=PGNV0IOHVJej25OXfZjMQLy08lAjnMzDdQO%2Biyhm%2F1Zwu78jdeaJKj0IdevP7LA0\"habitatdurable.ch\/project\/modele-de-loyer-fixe-sur-la-base-des-couts\/?xdomain_data=PGNV0IOHVJej25OXfZjMQLy08lAjnMzDdQO%2Biyhm%2F1Zwu78jdeaJKj0IdevP7LA0 target=\"_blank\" target=\"_blank\" rel=\"noopener\">sur cette page<\/a> les principes du mod\u00e8le de loyer recommand\u00e9 par HabitatDurable.<\/li>\n<li><a href=\"https:\/\/www.fondationcasafair.ch\/wp-content\/uploads\/2026\/03\/Fiche-loyer-fixe-sur-la-base-des-couts.pdf\"www.fondationcasafair.ch\/wp-content\/uploads\/2026\/03\/Fiche-loyer-fixe-sur-la-base-des-couts.pdf target=\"_blank\" target=\"_blank\" rel=\"noopener\">Fiche-conseil \u00abLoyer fix\u00e9 sur la base des co\u00fbts\u00bb<\/a> de HabitatDurable (PDF)<\/li>\n<\/ul>\n","protected":false},"excerpt":{"rendered":"<p>Mod\u00e8le de loyer \u00abfix\u00e9 sur la base des co\u00fbts\u00bb Ce loyer est \u00e9quitable pour les deux parties et garantit un financement p\u00e9renne du bien immobilier. Il se base sur un mod\u00e8le qui prend en compte tous les co\u00fbts qui incombent &hellip; <a href=\"https:\/\/www.fondationcasafair.ch\/fr\/habiter\/loyer-fixe-sur-la-base-des-couts\/\">Lire la suite <span class=\"meta-nav\">&rarr;<\/span><\/a><\/p>\n","protected":false},"author":2,"featured_media":125,"parent":163,"menu_order":0,"comment_status":"closed","ping_status":"closed","template":"","meta":{"_acf_changed":false,"footnotes":""},"class_list":["post-358","page","type-page","status-publish","has-post-thumbnail","hentry","has-featured-image"],"acf":[],"yoast_head":"<!-- This site is optimized with the Yoast SEO plugin v27.3 - https:\/\/yoast.com\/product\/yoast-seo-wordpress\/ -->\n<title>Loyer fix\u00e9 sur la base des co\u00fbts - Fondation Casafair<\/title>\n<meta name=\"robots\" content=\"index, follow, max-snippet:-1, max-image-preview:large, max-video-preview:-1\" \/>\n<link rel=\"canonical\" href=\"https:\/\/www.fondationcasafair.ch\/fr\/habiter\/loyer-fixe-sur-la-base-des-couts\/\" \/>\n<meta property=\"og:locale\" content=\"fr_FR\" \/>\n<meta property=\"og:type\" content=\"article\" \/>\n<meta property=\"og:title\" content=\"Loyer fix\u00e9 sur la base des co\u00fbts - Fondation Casafair\" \/>\n<meta property=\"og:description\" content=\"Mod\u00e8le de loyer \u00abfix\u00e9 sur la base des co\u00fbts\u00bb Ce loyer est \u00e9quitable pour les deux parties et garantit un financement p\u00e9renne du bien immobilier. Il se base sur un mod\u00e8le qui prend en compte tous les co\u00fbts qui incombent &hellip; Lire la suite &rarr;\" \/>\n<meta property=\"og:url\" content=\"https:\/\/www.fondationcasafair.ch\/fr\/habiter\/loyer-fixe-sur-la-base-des-couts\/\" \/>\n<meta property=\"og:site_name\" content=\"Fondation Casafair\" \/>\n<meta property=\"article:modified_time\" content=\"2026-03-30T07:54:40+00:00\" \/>\n<meta property=\"og:image\" content=\"https:\/\/www.fondationcasafair.ch\/wp-content\/uploads\/2023\/09\/header_front.jpg\" \/>\n\t<meta property=\"og:image:width\" content=\"1899\" \/>\n\t<meta property=\"og:image:height\" content=\"360\" \/>\n\t<meta property=\"og:image:type\" content=\"image\/jpeg\" \/>\n<meta name=\"twitter:card\" content=\"summary_large_image\" \/>\n<meta name=\"twitter:label1\" content=\"Est. reading time\" \/>\n\t<meta name=\"twitter:data1\" content=\"1 minute\" \/>\n<script type=\"application\/ld+json\" class=\"yoast-schema-graph\">{\"@context\":\"https:\\\/\\\/schema.org\",\"@graph\":[{\"@type\":\"WebPage\",\"@id\":\"https:\\\/\\\/www.fondationcasafair.ch\\\/fr\\\/habiter\\\/loyer-fixe-sur-la-base-des-couts\\\/\",\"url\":\"https:\\\/\\\/www.fondationcasafair.ch\\\/fr\\\/habiter\\\/loyer-fixe-sur-la-base-des-couts\\\/\",\"name\":\"Loyer fix\u00e9 sur la base des co\u00fbts - Fondation Casafair\",\"isPartOf\":{\"@id\":\"https:\\\/\\\/www.fondationcasafair.ch\\\/fr\\\/#website\"},\"primaryImageOfPage\":{\"@id\":\"https:\\\/\\\/www.fondationcasafair.ch\\\/fr\\\/habiter\\\/loyer-fixe-sur-la-base-des-couts\\\/#primaryimage\"},\"image\":{\"@id\":\"https:\\\/\\\/www.fondationcasafair.ch\\\/fr\\\/habiter\\\/loyer-fixe-sur-la-base-des-couts\\\/#primaryimage\"},\"thumbnailUrl\":\"https:\\\/\\\/www.fondationcasafair.ch\\\/wp-content\\\/uploads\\\/2023\\\/09\\\/header_front.jpg\",\"datePublished\":\"2023-10-10T18:46:49+00:00\",\"dateModified\":\"2026-03-30T07:54:40+00:00\",\"breadcrumb\":{\"@id\":\"https:\\\/\\\/www.fondationcasafair.ch\\\/fr\\\/habiter\\\/loyer-fixe-sur-la-base-des-couts\\\/#breadcrumb\"},\"inLanguage\":\"fr-FR\",\"potentialAction\":[{\"@type\":\"ReadAction\",\"target\":[\"https:\\\/\\\/www.fondationcasafair.ch\\\/fr\\\/habiter\\\/loyer-fixe-sur-la-base-des-couts\\\/\"]}]},{\"@type\":\"ImageObject\",\"inLanguage\":\"fr-FR\",\"@id\":\"https:\\\/\\\/www.fondationcasafair.ch\\\/fr\\\/habiter\\\/loyer-fixe-sur-la-base-des-couts\\\/#primaryimage\",\"url\":\"https:\\\/\\\/www.fondationcasafair.ch\\\/wp-content\\\/uploads\\\/2023\\\/09\\\/header_front.jpg\",\"contentUrl\":\"https:\\\/\\\/www.fondationcasafair.ch\\\/wp-content\\\/uploads\\\/2023\\\/09\\\/header_front.jpg\",\"width\":1899,\"height\":360},{\"@type\":\"BreadcrumbList\",\"@id\":\"https:\\\/\\\/www.fondationcasafair.ch\\\/fr\\\/habiter\\\/loyer-fixe-sur-la-base-des-couts\\\/#breadcrumb\",\"itemListElement\":[{\"@type\":\"ListItem\",\"position\":1,\"name\":\"Startseite\",\"item\":\"https:\\\/\\\/www.fondationcasafair.ch\\\/fr\\\/\"},{\"@type\":\"ListItem\",\"position\":2,\"name\":\"Habiter\",\"item\":\"https:\\\/\\\/www.fondationcasafair.ch\\\/fr\\\/habiter\\\/\"},{\"@type\":\"ListItem\",\"position\":3,\"name\":\"Loyer fix\u00e9 sur la base des co\u00fbts\"}]},{\"@type\":\"WebSite\",\"@id\":\"https:\\\/\\\/www.fondationcasafair.ch\\\/fr\\\/#website\",\"url\":\"https:\\\/\\\/www.fondationcasafair.ch\\\/fr\\\/\",\"name\":\"Stiftung Fondation Casafair\",\"description\":\"\",\"publisher\":{\"@id\":\"https:\\\/\\\/www.fondationcasafair.ch\\\/fr\\\/#organization\"},\"potentialAction\":[{\"@type\":\"SearchAction\",\"target\":{\"@type\":\"EntryPoint\",\"urlTemplate\":\"https:\\\/\\\/www.fondationcasafair.ch\\\/fr\\\/?s={search_term_string}\"},\"query-input\":{\"@type\":\"PropertyValueSpecification\",\"valueRequired\":true,\"valueName\":\"search_term_string\"}}],\"inLanguage\":\"fr-FR\"},{\"@type\":\"Organization\",\"@id\":\"https:\\\/\\\/www.fondationcasafair.ch\\\/fr\\\/#organization\",\"name\":\"Stiftung Fondation Casafair\",\"url\":\"https:\\\/\\\/www.fondationcasafair.ch\\\/fr\\\/\",\"logo\":{\"@type\":\"ImageObject\",\"inLanguage\":\"fr-FR\",\"@id\":\"https:\\\/\\\/www.fondationcasafair.ch\\\/fr\\\/#\\\/schema\\\/logo\\\/image\\\/\",\"url\":\"https:\\\/\\\/www.fondationcasafair.ch\\\/wp-content\\\/uploads\\\/2023\\\/10\\\/fondation_casafair_rostrot_c_einzeilig.svg\",\"contentUrl\":\"https:\\\/\\\/www.fondationcasafair.ch\\\/wp-content\\\/uploads\\\/2023\\\/10\\\/fondation_casafair_rostrot_c_einzeilig.svg\",\"caption\":\"Stiftung Fondation Casafair\"},\"image\":{\"@id\":\"https:\\\/\\\/www.fondationcasafair.ch\\\/fr\\\/#\\\/schema\\\/logo\\\/image\\\/\"}}]}<\/script>\n<!-- \/ Yoast SEO plugin. -->","yoast_head_json":{"title":"Loyer fix\u00e9 sur la base des co\u00fbts - Fondation Casafair","robots":{"index":"index","follow":"follow","max-snippet":"max-snippet:-1","max-image-preview":"max-image-preview:large","max-video-preview":"max-video-preview:-1"},"canonical":"https:\/\/www.fondationcasafair.ch\/fr\/habiter\/loyer-fixe-sur-la-base-des-couts\/","og_locale":"fr_FR","og_type":"article","og_title":"Loyer fix\u00e9 sur la base des co\u00fbts - Fondation Casafair","og_description":"Mod\u00e8le de loyer \u00abfix\u00e9 sur la base des co\u00fbts\u00bb Ce loyer est \u00e9quitable pour les deux parties et garantit un financement p\u00e9renne du bien immobilier. Il se base sur un mod\u00e8le qui prend en compte tous les co\u00fbts qui incombent &hellip; Lire la suite &rarr;","og_url":"https:\/\/www.fondationcasafair.ch\/fr\/habiter\/loyer-fixe-sur-la-base-des-couts\/","og_site_name":"Fondation Casafair","article_modified_time":"2026-03-30T07:54:40+00:00","og_image":[{"width":1899,"height":360,"url":"https:\/\/www.fondationcasafair.ch\/wp-content\/uploads\/2023\/09\/header_front.jpg","type":"image\/jpeg"}],"twitter_card":"summary_large_image","twitter_misc":{"Est. reading time":"1 minute"},"schema":{"@context":"https:\/\/schema.org","@graph":[{"@type":"WebPage","@id":"https:\/\/www.fondationcasafair.ch\/fr\/habiter\/loyer-fixe-sur-la-base-des-couts\/","url":"https:\/\/www.fondationcasafair.ch\/fr\/habiter\/loyer-fixe-sur-la-base-des-couts\/","name":"Loyer fix\u00e9 sur la base des co\u00fbts - Fondation Casafair","isPartOf":{"@id":"https:\/\/www.fondationcasafair.ch\/fr\/#website"},"primaryImageOfPage":{"@id":"https:\/\/www.fondationcasafair.ch\/fr\/habiter\/loyer-fixe-sur-la-base-des-couts\/#primaryimage"},"image":{"@id":"https:\/\/www.fondationcasafair.ch\/fr\/habiter\/loyer-fixe-sur-la-base-des-couts\/#primaryimage"},"thumbnailUrl":"https:\/\/www.fondationcasafair.ch\/wp-content\/uploads\/2023\/09\/header_front.jpg","datePublished":"2023-10-10T18:46:49+00:00","dateModified":"2026-03-30T07:54:40+00:00","breadcrumb":{"@id":"https:\/\/www.fondationcasafair.ch\/fr\/habiter\/loyer-fixe-sur-la-base-des-couts\/#breadcrumb"},"inLanguage":"fr-FR","potentialAction":[{"@type":"ReadAction","target":["https:\/\/www.fondationcasafair.ch\/fr\/habiter\/loyer-fixe-sur-la-base-des-couts\/"]}]},{"@type":"ImageObject","inLanguage":"fr-FR","@id":"https:\/\/www.fondationcasafair.ch\/fr\/habiter\/loyer-fixe-sur-la-base-des-couts\/#primaryimage","url":"https:\/\/www.fondationcasafair.ch\/wp-content\/uploads\/2023\/09\/header_front.jpg","contentUrl":"https:\/\/www.fondationcasafair.ch\/wp-content\/uploads\/2023\/09\/header_front.jpg","width":1899,"height":360},{"@type":"BreadcrumbList","@id":"https:\/\/www.fondationcasafair.ch\/fr\/habiter\/loyer-fixe-sur-la-base-des-couts\/#breadcrumb","itemListElement":[{"@type":"ListItem","position":1,"name":"Startseite","item":"https:\/\/www.fondationcasafair.ch\/fr\/"},{"@type":"ListItem","position":2,"name":"Habiter","item":"https:\/\/www.fondationcasafair.ch\/fr\/habiter\/"},{"@type":"ListItem","position":3,"name":"Loyer fix\u00e9 sur la base des co\u00fbts"}]},{"@type":"WebSite","@id":"https:\/\/www.fondationcasafair.ch\/fr\/#website","url":"https:\/\/www.fondationcasafair.ch\/fr\/","name":"Stiftung Fondation Casafair","description":"","publisher":{"@id":"https:\/\/www.fondationcasafair.ch\/fr\/#organization"},"potentialAction":[{"@type":"SearchAction","target":{"@type":"EntryPoint","urlTemplate":"https:\/\/www.fondationcasafair.ch\/fr\/?s={search_term_string}"},"query-input":{"@type":"PropertyValueSpecification","valueRequired":true,"valueName":"search_term_string"}}],"inLanguage":"fr-FR"},{"@type":"Organization","@id":"https:\/\/www.fondationcasafair.ch\/fr\/#organization","name":"Stiftung Fondation Casafair","url":"https:\/\/www.fondationcasafair.ch\/fr\/","logo":{"@type":"ImageObject","inLanguage":"fr-FR","@id":"https:\/\/www.fondationcasafair.ch\/fr\/#\/schema\/logo\/image\/","url":"https:\/\/www.fondationcasafair.ch\/wp-content\/uploads\/2023\/10\/fondation_casafair_rostrot_c_einzeilig.svg","contentUrl":"https:\/\/www.fondationcasafair.ch\/wp-content\/uploads\/2023\/10\/fondation_casafair_rostrot_c_einzeilig.svg","caption":"Stiftung Fondation Casafair"},"image":{"@id":"https:\/\/www.fondationcasafair.ch\/fr\/#\/schema\/logo\/image\/"}}]}},"_links":{"self":[{"href":"https:\/\/www.fondationcasafair.ch\/fr\/wp-json\/wp\/v2\/pages\/358","targetHints":{"allow":["GET"]}}],"collection":[{"href":"https:\/\/www.fondationcasafair.ch\/fr\/wp-json\/wp\/v2\/pages"}],"about":[{"href":"https:\/\/www.fondationcasafair.ch\/fr\/wp-json\/wp\/v2\/types\/page"}],"author":[{"embeddable":true,"href":"https:\/\/www.fondationcasafair.ch\/fr\/wp-json\/wp\/v2\/users\/2"}],"replies":[{"embeddable":true,"href":"https:\/\/www.fondationcasafair.ch\/fr\/wp-json\/wp\/v2\/comments?post=358"}],"version-history":[{"count":8,"href":"https:\/\/www.fondationcasafair.ch\/fr\/wp-json\/wp\/v2\/pages\/358\/revisions"}],"predecessor-version":[{"id":922,"href":"https:\/\/www.fondationcasafair.ch\/fr\/wp-json\/wp\/v2\/pages\/358\/revisions\/922"}],"up":[{"embeddable":true,"href":"https:\/\/www.fondationcasafair.ch\/fr\/wp-json\/wp\/v2\/pages\/163"}],"wp:featuredmedia":[{"embeddable":true,"href":"https:\/\/www.fondationcasafair.ch\/fr\/wp-json\/wp\/v2\/media\/125"}],"wp:attachment":[{"href":"https:\/\/www.fondationcasafair.ch\/fr\/wp-json\/wp\/v2\/media?parent=358"}],"curies":[{"name":"wp","href":"https:\/\/api.w.org\/{rel}","templated":true}]}}